{"id":93,"date":"2018-12-29T22:55:52","date_gmt":"2018-12-29T21:55:52","guid":{"rendered":"https:\/\/franken-wueller.de\/?page_id=93"},"modified":"2024-12-09T12:00:30","modified_gmt":"2024-12-09T11:00:30","slug":"amtlicher-lageplan","status":"publish","type":"page","link":"https:\/\/vermessung-aachen.de\/?page_id=93","title":{"rendered":"Amtlicher Lageplan"},"content":{"rendered":"\n<p>Lagepl\u00e4ne werden zur Beantragung von Baugenehmigungen ben\u00f6tigt. Ein <strong>Amtlicher<\/strong> Lageplan kann u.a. aufgrund nicht festgestellter Grenzen, Grenz\u00fcberbauungen oder auf dem Baugrundst\u00fcck ruhender Baulasten gefordert beziehungsweise notwendig werden (s. BauPr\u00fcfVO \u00a73 Abs. 3). Dieser ist als Amtshandlungen des amtlichen Vermessungswesens nach der Geb\u00fchrenordnung abzurechnen.<\/p>\n\n\n\n<p>Der Lageplan stellt auf der Grundlage eigener Vermessungen und des Nachweises des Liegenschaftskatasters ein geplantes Bauvorhaben auf dem Grundst\u00fcck, sowie die vorhandenen baulichen Anlagen auf den Nachbargrundst\u00fccken dar. Er weist u.a. die rechtm\u00e4\u00dfigen Grenzen des Baugrundst\u00fccks, seine Umringsma\u00dfe und die Fl\u00e4che nach. <\/p>\n\n\n\n<p>Das Bauvorhaben wird mit seinen geplanten Abst\u00e4nden zu Grenzen und zu anderer Bebauung und der geplanten H\u00f6he im Lageplan eingetragen. Der Nachweis der erforderlichen Abstandfl\u00e4chen, sowie der Einhaltung der planungsrechtlichen Festsetzungen sind ebenfalls Bestandteil des Amtlichen Lageplanes. <\/p>\n\n\n\n<p>Dar\u00fcber hinaus werden vorhandene oder geplante grundst\u00fccksbezogene Rechte eingetragen.<\/p>\n\n\n\n<p>Wir k\u00f6nnen auch digital: Ein digital signierter Amtlicher Lageplan, zertifiziert \u00fcber die Bundesnotarkammer kann durch uns f\u00fcr Ihren digitalen Bauantrag erzeugt werden.<\/p>\n","protected":false},"excerpt":{"rendered":"<p>Lagepl\u00e4ne werden zur Beantragung von Baugenehmigungen ben\u00f6tigt. Ein Amtlicher Lageplan kann u.a. aufgrund nicht festgestellter Grenzen, Grenz\u00fcberbauungen oder auf dem Baugrundst\u00fcck ruhender Baulasten gefordert beziehungsweise notwendig werden (s. BauPr\u00fcfVO \u00a73 Abs. 3). Dieser ist als Amtshandlungen des amtlichen Vermessungswesens nach der Geb\u00fchrenordnung abzurechnen. Der Lageplan stellt auf der Grundlage eigener Vermessungen und des Nachweises des Liegenschaftskatasters ein geplantes Bauvorhaben auf dem Grundst\u00fcck, sowie die vorhandenen baulichen Anlagen auf den Nachbargrundst\u00fccken dar. Er weist u.a. die rechtm\u00e4\u00dfigen Grenzen des Baugrundst\u00fccks,<span class=\"more-link\"><a href=\"https:\/\/vermessung-aachen.de\/?page_id=93\">weiterlesen<\/a><\/span><\/p>\n","protected":false},"author":1,"featured_media":0,"parent":0,"menu_order":0,"comment_status":"closed","ping_status":"closed","template":"","meta":{"footnotes":""},"class_list":["entry","author-fraadmin","post-93","page","type-page","status-publish"],"_links":{"self":[{"href":"https:\/\/vermessung-aachen.de\/index.php?rest_route=\/wp\/v2\/pages\/93","targetHints":{"allow":["GET"]}}],"collection":[{"href":"https:\/\/vermessung-aachen.de\/index.php?rest_route=\/wp\/v2\/pages"}],"about":[{"href":"https:\/\/vermessung-aachen.de\/index.php?rest_route=\/wp\/v2\/types\/page"}],"author":[{"embeddable":true,"href":"https:\/\/vermessung-aachen.de\/index.php?rest_route=\/wp\/v2\/users\/1"}],"replies":[{"embeddable":true,"href":"https:\/\/vermessung-aachen.de\/index.php?rest_route=%2Fwp%2Fv2%2Fcomments&post=93"}],"version-history":[{"count":4,"href":"https:\/\/vermessung-aachen.de\/index.php?rest_route=\/wp\/v2\/pages\/93\/revisions"}],"predecessor-version":[{"id":1168,"href":"https:\/\/vermessung-aachen.de\/index.php?rest_route=\/wp\/v2\/pages\/93\/revisions\/1168"}],"wp:attachment":[{"href":"https:\/\/vermessung-aachen.de\/index.php?rest_route=%2Fwp%2Fv2%2Fmedia&parent=93"}],"curies":[{"name":"wp","href":"https:\/\/api.w.org\/{rel}","templated":true}]}}