{"id":922,"date":"2024-12-02T13:28:53","date_gmt":"2024-12-02T12:28:53","guid":{"rendered":"https:\/\/franken-wueller.de\/?page_id=922"},"modified":"2024-12-09T12:02:18","modified_gmt":"2024-12-09T11:02:18","slug":"referenzen","status":"publish","type":"page","link":"https:\/\/vermessung-aachen.de\/?page_id=922","title":{"rendered":"Referenzen"},"content":{"rendered":"\n<p>Hier finden Sie eine Referenzliste mit einer \u00dcbersicht unserer vergangenen, sowie aktuellen Projekte. In den vergangenen 53 Jahren wurden mehrere tausend Projekte von uns im In- und Ausland vermessungstechnisch und beratend begleitet.<\/p>\n\n\n\n<div class=\"wp-block-columns is-layout-flex wp-container-core-columns-is-layout-9d6595d7 wp-block-columns-is-layout-flex\">\n<div class=\"wp-block-column is-layout-flow wp-block-column-is-layout-flow\">\n<figure class=\"wp-block-image size-full\"><img loading=\"lazy\" decoding=\"async\" width=\"800\" height=\"800\" src=\"https:\/\/franken-wueller.de\/wp-content\/uploads\/2024\/12\/EON3.jpg\" alt=\"\" class=\"wp-image-923\" srcset=\"https:\/\/vermessung-aachen.de\/wp-content\/uploads\/2024\/12\/EON3.jpg 800w, https:\/\/vermessung-aachen.de\/wp-content\/uploads\/2024\/12\/EON3-300x300.jpg 300w, https:\/\/vermessung-aachen.de\/wp-content\/uploads\/2024\/12\/EON3-150x150.jpg 150w, https:\/\/vermessung-aachen.de\/wp-content\/uploads\/2024\/12\/EON3-768x768.jpg 768w, https:\/\/vermessung-aachen.de\/wp-content\/uploads\/2024\/12\/EON3-465x465.jpg 465w, https:\/\/vermessung-aachen.de\/wp-content\/uploads\/2024\/12\/EON3-500x500.jpg 500w\" sizes=\"auto, (max-width: 800px) 100vw, 800px\" \/><figcaption>E.ON Energy Research Center<\/figcaption><\/figure>\n\n\n\n<figure class=\"wp-block-image size-full\"><img loading=\"lazy\" decoding=\"async\" width=\"800\" height=\"800\" src=\"https:\/\/franken-wueller.de\/wp-content\/uploads\/2024\/12\/UKA-2-1.jpg\" alt=\"\" class=\"wp-image-951\" srcset=\"https:\/\/vermessung-aachen.de\/wp-content\/uploads\/2024\/12\/UKA-2-1.jpg 800w, https:\/\/vermessung-aachen.de\/wp-content\/uploads\/2024\/12\/UKA-2-1-300x300.jpg 300w, https:\/\/vermessung-aachen.de\/wp-content\/uploads\/2024\/12\/UKA-2-1-150x150.jpg 150w, https:\/\/vermessung-aachen.de\/wp-content\/uploads\/2024\/12\/UKA-2-1-768x768.jpg 768w, https:\/\/vermessung-aachen.de\/wp-content\/uploads\/2024\/12\/UKA-2-1-465x465.jpg 465w, https:\/\/vermessung-aachen.de\/wp-content\/uploads\/2024\/12\/UKA-2-1-500x500.jpg 500w, https:\/\/vermessung-aachen.de\/wp-content\/uploads\/2024\/12\/UKA-2-1-700x700.jpg 700w, https:\/\/vermessung-aachen.de\/wp-content\/uploads\/2024\/12\/UKA-2-1-620x620.jpg 620w, https:\/\/vermessung-aachen.de\/wp-content\/uploads\/2024\/12\/UKA-2-1-400x400.jpg 400w\" sizes=\"auto, (max-width: 800px) 100vw, 800px\" \/><figcaption>Universit\u00e4tsklinikum der RWTH Aachen<\/figcaption><\/figure>\n\n\n\n<figure class=\"wp-block-image size-full\"><img loading=\"lazy\" decoding=\"async\" width=\"800\" height=\"800\" src=\"https:\/\/franken-wueller.de\/wp-content\/uploads\/2024\/12\/TIVOLI-2-2.jpg\" alt=\"\" class=\"wp-image-956\" srcset=\"https:\/\/vermessung-aachen.de\/wp-content\/uploads\/2024\/12\/TIVOLI-2-2.jpg 800w, https:\/\/vermessung-aachen.de\/wp-content\/uploads\/2024\/12\/TIVOLI-2-2-300x300.jpg 300w, https:\/\/vermessung-aachen.de\/wp-content\/uploads\/2024\/12\/TIVOLI-2-2-150x150.jpg 150w, https:\/\/vermessung-aachen.de\/wp-content\/uploads\/2024\/12\/TIVOLI-2-2-768x768.jpg 768w, https:\/\/vermessung-aachen.de\/wp-content\/uploads\/2024\/12\/TIVOLI-2-2-465x465.jpg 465w, https:\/\/vermessung-aachen.de\/wp-content\/uploads\/2024\/12\/TIVOLI-2-2-500x500.jpg 500w\" sizes=\"auto, (max-width: 800px) 100vw, 800px\" \/><figcaption>Tivoli Aachen<br><br>Wir haben im Baugenehmigungs-verfahren und bei den Grundst\u00fccksteilungen des neuen Tivoli-Stadions der Alemania Aachen, f\u00fcr mehr als 32.000 Zuschauer, mitgewirkt.<\/figcaption><\/figure>\n\n\n\n<figure class=\"wp-block-image size-full\"><img loading=\"lazy\" decoding=\"async\" width=\"800\" height=\"800\" src=\"https:\/\/franken-wueller.de\/wp-content\/uploads\/2024\/12\/Vermessung-api-027-5-1.jpg\" alt=\"\" class=\"wp-image-959\" srcset=\"https:\/\/vermessung-aachen.de\/wp-content\/uploads\/2024\/12\/Vermessung-api-027-5-1.jpg 800w, https:\/\/vermessung-aachen.de\/wp-content\/uploads\/2024\/12\/Vermessung-api-027-5-1-300x300.jpg 300w, https:\/\/vermessung-aachen.de\/wp-content\/uploads\/2024\/12\/Vermessung-api-027-5-1-150x150.jpg 150w, https:\/\/vermessung-aachen.de\/wp-content\/uploads\/2024\/12\/Vermessung-api-027-5-1-768x768.jpg 768w, https:\/\/vermessung-aachen.de\/wp-content\/uploads\/2024\/12\/Vermessung-api-027-5-1-465x465.jpg 465w, https:\/\/vermessung-aachen.de\/wp-content\/uploads\/2024\/12\/Vermessung-api-027-5-1-500x500.jpg 500w\" sizes=\"auto, (max-width: 800px) 100vw, 800px\" \/><figcaption>Api Computerhandels GmbH<\/figcaption><\/figure>\n\n\n\n<figure class=\"wp-block-image size-full\"><img loading=\"lazy\" decoding=\"async\" width=\"800\" height=\"800\" src=\"https:\/\/franken-wueller.de\/wp-content\/uploads\/2024\/12\/Super-C-3neu-1.jpg\" alt=\"\" class=\"wp-image-962\" srcset=\"https:\/\/vermessung-aachen.de\/wp-content\/uploads\/2024\/12\/Super-C-3neu-1.jpg 800w, https:\/\/vermessung-aachen.de\/wp-content\/uploads\/2024\/12\/Super-C-3neu-1-300x300.jpg 300w, https:\/\/vermessung-aachen.de\/wp-content\/uploads\/2024\/12\/Super-C-3neu-1-150x150.jpg 150w, https:\/\/vermessung-aachen.de\/wp-content\/uploads\/2024\/12\/Super-C-3neu-1-768x768.jpg 768w, https:\/\/vermessung-aachen.de\/wp-content\/uploads\/2024\/12\/Super-C-3neu-1-465x465.jpg 465w, https:\/\/vermessung-aachen.de\/wp-content\/uploads\/2024\/12\/Super-C-3neu-1-500x500.jpg 500w\" sizes=\"auto, (max-width: 800px) 100vw, 800px\" \/><figcaption>Super C<br><br>Deformationsmessungen am &#8222;SUPER C&#8220;, dem studienfunktionalen Zentrum der RWTH Aachen.<\/figcaption><\/figure>\n<\/div>\n\n\n\n<div class=\"wp-block-column is-layout-flow wp-block-column-is-layout-flow\">\n<figure class=\"wp-block-image size-full\"><img loading=\"lazy\" decoding=\"async\" width=\"500\" height=\"500\" src=\"https:\/\/franken-wueller.de\/wp-content\/uploads\/2024\/12\/Chateau-Belgien.jpg\" alt=\"\" class=\"wp-image-924\" srcset=\"https:\/\/vermessung-aachen.de\/wp-content\/uploads\/2024\/12\/Chateau-Belgien.jpg 500w, https:\/\/vermessung-aachen.de\/wp-content\/uploads\/2024\/12\/Chateau-Belgien-300x300.jpg 300w, https:\/\/vermessung-aachen.de\/wp-content\/uploads\/2024\/12\/Chateau-Belgien-150x150.jpg 150w, https:\/\/vermessung-aachen.de\/wp-content\/uploads\/2024\/12\/Chateau-Belgien-465x465.jpg 465w\" sizes=\"auto, (max-width: 500px) 100vw, 500px\" \/><figcaption>Chateau Belgien<\/figcaption><\/figure>\n\n\n\n<figure class=\"wp-block-image size-full\"><img loading=\"lazy\" decoding=\"async\" width=\"500\" height=\"500\" src=\"https:\/\/franken-wueller.de\/wp-content\/uploads\/2024\/12\/1.FC-Koeln-Geisbockheim-1-1.jpg\" alt=\"\" class=\"wp-image-952\" srcset=\"https:\/\/vermessung-aachen.de\/wp-content\/uploads\/2024\/12\/1.FC-Koeln-Geisbockheim-1-1.jpg 500w, https:\/\/vermessung-aachen.de\/wp-content\/uploads\/2024\/12\/1.FC-Koeln-Geisbockheim-1-1-300x300.jpg 300w, https:\/\/vermessung-aachen.de\/wp-content\/uploads\/2024\/12\/1.FC-Koeln-Geisbockheim-1-1-150x150.jpg 150w, https:\/\/vermessung-aachen.de\/wp-content\/uploads\/2024\/12\/1.FC-Koeln-Geisbockheim-1-1-465x465.jpg 465w\" sizes=\"auto, (max-width: 500px) 100vw, 500px\" \/><figcaption>1. FC K\u00f6ln Neubau Geisbockheim<\/figcaption><\/figure>\n\n\n\n<figure class=\"wp-block-image size-full\"><img loading=\"lazy\" decoding=\"async\" width=\"500\" height=\"500\" src=\"https:\/\/franken-wueller.de\/wp-content\/uploads\/2024\/12\/Daimler-NL-AAchen-3-1.jpg\" alt=\"\" class=\"wp-image-957\" srcset=\"https:\/\/vermessung-aachen.de\/wp-content\/uploads\/2024\/12\/Daimler-NL-AAchen-3-1.jpg 500w, https:\/\/vermessung-aachen.de\/wp-content\/uploads\/2024\/12\/Daimler-NL-AAchen-3-1-300x300.jpg 300w, https:\/\/vermessung-aachen.de\/wp-content\/uploads\/2024\/12\/Daimler-NL-AAchen-3-1-150x150.jpg 150w, https:\/\/vermessung-aachen.de\/wp-content\/uploads\/2024\/12\/Daimler-NL-AAchen-3-1-465x465.jpg 465w\" sizes=\"auto, (max-width: 500px) 100vw, 500px\" \/><figcaption>Mercedes Benz<br><br>Diverse Neubauten und Erneuerungen an der Mercedes Benz-Ausstellungshalle in der Niederlassung Aachen und dem Nutzfahrzeuge-Center in Eschweiler.<\/figcaption><\/figure>\n\n\n\n<figure class=\"wp-block-image size-full\"><img loading=\"lazy\" decoding=\"async\" width=\"800\" height=\"800\" src=\"https:\/\/franken-wueller.de\/wp-content\/uploads\/2024\/12\/C.A.R.L.-20170608-Aussen-800-1.jpg\" alt=\"\" class=\"wp-image-960\" srcset=\"https:\/\/vermessung-aachen.de\/wp-content\/uploads\/2024\/12\/C.A.R.L.-20170608-Aussen-800-1.jpg 800w, https:\/\/vermessung-aachen.de\/wp-content\/uploads\/2024\/12\/C.A.R.L.-20170608-Aussen-800-1-300x300.jpg 300w, https:\/\/vermessung-aachen.de\/wp-content\/uploads\/2024\/12\/C.A.R.L.-20170608-Aussen-800-1-150x150.jpg 150w, https:\/\/vermessung-aachen.de\/wp-content\/uploads\/2024\/12\/C.A.R.L.-20170608-Aussen-800-1-768x768.jpg 768w, https:\/\/vermessung-aachen.de\/wp-content\/uploads\/2024\/12\/C.A.R.L.-20170608-Aussen-800-1-465x465.jpg 465w, https:\/\/vermessung-aachen.de\/wp-content\/uploads\/2024\/12\/C.A.R.L.-20170608-Aussen-800-1-500x500.jpg 500w\" sizes=\"auto, (max-width: 800px) 100vw, 800px\" \/><figcaption>C.A.R.L RWTH Aachen<br><br>Das C.A.R.L. (Central Auditorium for Research and Learning) ist das H\u00f6rsaalzentrum der RWTH Aachen.<\/figcaption><\/figure>\n\n\n\n<figure class=\"wp-block-image size-full\"><img loading=\"lazy\" decoding=\"async\" width=\"800\" height=\"800\" src=\"https:\/\/franken-wueller.de\/wp-content\/uploads\/2024\/12\/PHILIPS-1.jpg\" alt=\"\" class=\"wp-image-963\" srcset=\"https:\/\/vermessung-aachen.de\/wp-content\/uploads\/2024\/12\/PHILIPS-1.jpg 800w, https:\/\/vermessung-aachen.de\/wp-content\/uploads\/2024\/12\/PHILIPS-1-300x300.jpg 300w, https:\/\/vermessung-aachen.de\/wp-content\/uploads\/2024\/12\/PHILIPS-1-150x150.jpg 150w, https:\/\/vermessung-aachen.de\/wp-content\/uploads\/2024\/12\/PHILIPS-1-768x768.jpg 768w, https:\/\/vermessung-aachen.de\/wp-content\/uploads\/2024\/12\/PHILIPS-1-465x465.jpg 465w, https:\/\/vermessung-aachen.de\/wp-content\/uploads\/2024\/12\/PHILIPS-1-500x500.jpg 500w\" sizes=\"auto, (max-width: 800px) 100vw, 800px\" \/><figcaption>Phillips Aachen<\/figcaption><\/figure>\n<\/div>\n\n\n\n<div class=\"wp-block-column is-layout-flow wp-block-column-is-layout-flow\">\n<figure class=\"wp-block-image size-full\"><img loading=\"lazy\" decoding=\"async\" width=\"500\" height=\"500\" src=\"https:\/\/franken-wueller.de\/wp-content\/uploads\/2024\/12\/AUDI-Zentrum-Aachen1.jpg\" alt=\"\" class=\"wp-image-925\" srcset=\"https:\/\/vermessung-aachen.de\/wp-content\/uploads\/2024\/12\/AUDI-Zentrum-Aachen1.jpg 500w, https:\/\/vermessung-aachen.de\/wp-content\/uploads\/2024\/12\/AUDI-Zentrum-Aachen1-300x300.jpg 300w, https:\/\/vermessung-aachen.de\/wp-content\/uploads\/2024\/12\/AUDI-Zentrum-Aachen1-150x150.jpg 150w, https:\/\/vermessung-aachen.de\/wp-content\/uploads\/2024\/12\/AUDI-Zentrum-Aachen1-465x465.jpg 465w\" sizes=\"auto, (max-width: 500px) 100vw, 500px\" \/><figcaption>AUDI Zentrum Aachen<\/figcaption><\/figure>\n\n\n\n<figure class=\"wp-block-image size-full\"><img loading=\"lazy\" decoding=\"async\" width=\"500\" height=\"500\" src=\"https:\/\/franken-wueller.de\/wp-content\/uploads\/2024\/12\/BMW-2.jpg\" alt=\"\" class=\"wp-image-955\" srcset=\"https:\/\/vermessung-aachen.de\/wp-content\/uploads\/2024\/12\/BMW-2.jpg 500w, https:\/\/vermessung-aachen.de\/wp-content\/uploads\/2024\/12\/BMW-2-300x300.jpg 300w, https:\/\/vermessung-aachen.de\/wp-content\/uploads\/2024\/12\/BMW-2-150x150.jpg 150w, https:\/\/vermessung-aachen.de\/wp-content\/uploads\/2024\/12\/BMW-2-465x465.jpg 465w\" sizes=\"auto, (max-width: 500px) 100vw, 500px\" \/><figcaption>BMW Kohl AG<\/figcaption><\/figure>\n\n\n\n<figure class=\"wp-block-image size-full\"><img loading=\"lazy\" decoding=\"async\" width=\"500\" height=\"500\" src=\"https:\/\/franken-wueller.de\/wp-content\/uploads\/2024\/12\/AM-Zentrale-1.jpg\" alt=\"\" class=\"wp-image-958\" srcset=\"https:\/\/vermessung-aachen.de\/wp-content\/uploads\/2024\/12\/AM-Zentrale-1.jpg 500w, https:\/\/vermessung-aachen.de\/wp-content\/uploads\/2024\/12\/AM-Zentrale-1-300x300.jpg 300w, https:\/\/vermessung-aachen.de\/wp-content\/uploads\/2024\/12\/AM-Zentrale-1-150x150.jpg 150w, https:\/\/vermessung-aachen.de\/wp-content\/uploads\/2024\/12\/AM-Zentrale-1-465x465.jpg 465w\" sizes=\"auto, (max-width: 500px) 100vw, 500px\" \/><figcaption>Aachen M\u00fcnchener<br><br>Den Verwaltungsneubau der Aachen-M\u00fcnchener Versicherungs AG durften wir von der Genehmigungsphase \u00fcber die Fertigstellungsphase vermessungstechnisch begleiten.<\/figcaption><\/figure>\n\n\n\n<figure class=\"wp-block-image size-full\"><img loading=\"lazy\" decoding=\"async\" width=\"800\" height=\"800\" src=\"https:\/\/franken-wueller.de\/wp-content\/uploads\/2024\/12\/Vermessung-NETAACHEN-Domspringen-009-1.jpg\" alt=\"\" class=\"wp-image-961\" srcset=\"https:\/\/vermessung-aachen.de\/wp-content\/uploads\/2024\/12\/Vermessung-NETAACHEN-Domspringen-009-1.jpg 800w, https:\/\/vermessung-aachen.de\/wp-content\/uploads\/2024\/12\/Vermessung-NETAACHEN-Domspringen-009-1-300x300.jpg 300w, https:\/\/vermessung-aachen.de\/wp-content\/uploads\/2024\/12\/Vermessung-NETAACHEN-Domspringen-009-1-150x150.jpg 150w, https:\/\/vermessung-aachen.de\/wp-content\/uploads\/2024\/12\/Vermessung-NETAACHEN-Domspringen-009-1-768x768.jpg 768w, https:\/\/vermessung-aachen.de\/wp-content\/uploads\/2024\/12\/Vermessung-NETAACHEN-Domspringen-009-1-465x465.jpg 465w, https:\/\/vermessung-aachen.de\/wp-content\/uploads\/2024\/12\/Vermessung-NETAACHEN-Domspringen-009-1-500x500.jpg 500w\" sizes=\"auto, (max-width: 800px) 100vw, 800px\" \/><figcaption>Domspringen Katschhof<br><br>J\u00e4hrlich im September nivellieren wir die Anlaufbahn f\u00fcr die besten Stabhochspringer der Welt.<\/figcaption><\/figure>\n<\/div>\n<\/div>\n","protected":false},"excerpt":{"rendered":"<p>Hier finden Sie eine Referenzliste mit einer \u00dcbersicht unserer vergangenen, sowie aktuellen Projekte. In den vergangenen 53 Jahren wurden mehrere tausend Projekte von uns im In- und Ausland vermessungstechnisch und beratend begleitet.<span class=\"more-link\"><a href=\"https:\/\/vermessung-aachen.de\/?page_id=922\">weiterlesen<\/a><\/span><\/p>\n","protected":false},"author":1,"featured_media":0,"parent":0,"menu_order":0,"comment_status":"closed","ping_status":"closed","template":"","meta":{"footnotes":""},"class_list":["entry","author-fraadmin","post-922","page","type-page","status-publish"],"_links":{"self":[{"href":"https:\/\/vermessung-aachen.de\/index.php?rest_route=\/wp\/v2\/pages\/922","targetHints":{"allow":["GET"]}}],"collection":[{"href":"https:\/\/vermessung-aachen.de\/index.php?rest_route=\/wp\/v2\/pages"}],"about":[{"href":"https:\/\/vermessung-aachen.de\/index.php?rest_route=\/wp\/v2\/types\/page"}],"author":[{"embeddable":true,"href":"https:\/\/vermessung-aachen.de\/index.php?rest_route=\/wp\/v2\/users\/1"}],"replies":[{"embeddable":true,"href":"https:\/\/vermessung-aachen.de\/index.php?rest_route=%2Fwp%2Fv2%2Fcomments&post=922"}],"version-history":[{"count":1,"href":"https:\/\/vermessung-aachen.de\/index.php?rest_route=\/wp\/v2\/pages\/922\/revisions"}],"predecessor-version":[{"id":964,"href":"https:\/\/vermessung-aachen.de\/index.php?rest_route=\/wp\/v2\/pages\/922\/revisions\/964"}],"wp:attachment":[{"href":"https:\/\/vermessung-aachen.de\/index.php?rest_route=%2Fwp%2Fv2%2Fmedia&parent=922"}],"curies":[{"name":"wp","href":"https:\/\/api.w.org\/{rel}","templated":true}]}}