{"id":42,"date":"2018-12-27T21:37:39","date_gmt":"2018-12-27T20:37:39","guid":{"rendered":"https:\/\/franken-wueller.de\/?page_id=42"},"modified":"2025-02-18T10:12:34","modified_gmt":"2025-02-18T09:12:34","slug":"unsere-leistungen","status":"publish","type":"page","link":"https:\/\/vermessung-aachen.de\/?page_id=42","title":{"rendered":"Unsere Leistungen"},"content":{"rendered":"\n<p> Zu unseren Leistungen geh\u00f6ren neben s\u00e4mtlichen <strong><a href=\"https:\/\/franken-wueller.de\/?page_id=51\">hoheitlichen <\/a><\/strong>auch solche <strong>zur <a href=\"https:\/\/franken-wueller.de\/?page_id=100\">Ingenieurvermessung<\/a> z\u00e4hlenden Vermessungsleistungen<\/strong>.  <\/p>\n\n\n\n<div class=\"wp-block-media-text alignwide is-stacked-on-mobile\" style=\"grid-template-columns:32% auto\"><figure class=\"wp-block-media-text__media\"><img loading=\"lazy\" decoding=\"async\" width=\"543\" height=\"709\" src=\"https:\/\/franken-wueller.de\/wp-content\/uploads\/2019\/01\/06-BDVI-Image-Ihre-Idee_Endformat-1.jpg\" alt=\"\" class=\"wp-image-307 size-full\" srcset=\"https:\/\/vermessung-aachen.de\/wp-content\/uploads\/2019\/01\/06-BDVI-Image-Ihre-Idee_Endformat-1.jpg 543w, https:\/\/vermessung-aachen.de\/wp-content\/uploads\/2019\/01\/06-BDVI-Image-Ihre-Idee_Endformat-1-230x300.jpg 230w, https:\/\/vermessung-aachen.de\/wp-content\/uploads\/2019\/01\/06-BDVI-Image-Ihre-Idee_Endformat-1-421x550.jpg 421w, https:\/\/vermessung-aachen.de\/wp-content\/uploads\/2019\/01\/06-BDVI-Image-Ihre-Idee_Endformat-1-383x500.jpg 383w\" sizes=\"auto, (max-width: 543px) 100vw, 543px\" \/><\/figure><div class=\"wp-block-media-text__content\">\n<p>Daneben werden von uns auch vorallem <strong>f\u00fcr den Stra\u00dfenbau<\/strong> notwendige Leistungen angeboten, wie Massenermittlungen, Abrechnungsberechnungen, Daten f\u00fcr die Maschinensteuerung und die Ermittlung von Absteckkoordinaten aus Planungsgrundlagen.<\/p>\n\n\n\n<p><\/p>\n\n\n\n<p>F\u00fcr die <strong>Immobilienwirtschaft <\/strong>bieten wir  Mietfl\u00e4chenaufma\u00dfe an. Hierzu bieten wir wenn gew\u00fcnscht, auch  Innenaufma\u00dfe von Geb\u00e4uden und deren Darstellung in 3D oder als  Schnittzeichnungen an.<\/p>\n\n\n\n<p> <br>Sollten Sie einen <strong>Aus- oder Umbau<\/strong> geplant haben, erstellen wir f\u00fcr Sie ein Innen- oder Fassadenaufma\u00df und fertigen entsprechend ihren Anforderungen detaillierte Pl\u00e4ne &#8211; damit nachher auch wirklich alles passt.  <\/p>\n<\/div><\/div>\n\n\n\n<div class=\"wp-block-media-text alignwide has-media-on-the-right is-stacked-on-mobile\" style=\"grid-template-columns:auto 29%\"><div class=\"wp-block-media-text__content\">\n<p>F\u00fcr die <strong>Bauenden<\/strong> selbst oder \u00fcber den beauftragten Architekten\/ Planer\/ Bautr\u00e4ger bieten wir das rundum Paket:<\/p>\n\n\n\n<p>vom Lageplan (falls gefordert amtlich) mit Projekteintragung und Abstandsfl\u00e4chenberechnung f\u00fcr die Baugenehmigung, falls n\u00f6tig auch f\u00fcr die Beantragung zur Eintragung von Baulasten, <\/p>\n\n\n\n<p>die Absteckung der Baugrube und des Bauk\u00f6rpers, <\/p>\n\n\n\n<p>die Erstellung von Absteckbescheinigungen oder \u00dcbereinstimmungserkl\u00e4rungen nach <a aria-label=\" (\u00f6ffnet in neuem Tab)\" href=\"https:\/\/recht.nrw.de\/lmi\/owa\/br_bes_detail?sg=0&amp;menu=1&amp;bes_id=39224&amp;anw_nr=2&amp;aufgehoben=N&amp;det_id=468271\" target=\"_blank\" rel=\"noreferrer noopener\">\u00a7 83 Bauordnung NRW<\/a> und<\/p>\n\n\n\n<p>schlie\u00dflich die Geb\u00e4udeeinmessung. <\/p>\n<\/div><figure class=\"wp-block-media-text__media\"><img loading=\"lazy\" decoding=\"async\" width=\"543\" height=\"709\" src=\"https:\/\/franken-wueller.de\/wp-content\/uploads\/2019\/01\/Dokument1-1.jpg\" alt=\"\" class=\"wp-image-294 size-full\" srcset=\"https:\/\/vermessung-aachen.de\/wp-content\/uploads\/2019\/01\/Dokument1-1.jpg 543w, https:\/\/vermessung-aachen.de\/wp-content\/uploads\/2019\/01\/Dokument1-1-230x300.jpg 230w, https:\/\/vermessung-aachen.de\/wp-content\/uploads\/2019\/01\/Dokument1-1-421x550.jpg 421w, https:\/\/vermessung-aachen.de\/wp-content\/uploads\/2019\/01\/Dokument1-1-383x500.jpg 383w\" sizes=\"auto, (max-width: 543px) 100vw, 543px\" \/><\/figure><\/div>\n","protected":false},"excerpt":{"rendered":"<p>Zu unseren Leistungen geh\u00f6ren neben s\u00e4mtlichen hoheitlichen auch solche zur Ingenieurvermessung z\u00e4hlenden Vermessungsleistungen. Daneben werden von uns auch vorallem f\u00fcr den Stra\u00dfenbau notwendige Leistungen angeboten, wie Massenermittlungen, Abrechnungsberechnungen, Daten f\u00fcr die Maschinensteuerung und die Ermittlung von Absteckkoordinaten aus Planungsgrundlagen. F\u00fcr die Immobilienwirtschaft bieten wir Mietfl\u00e4chenaufma\u00dfe an. Hierzu bieten wir wenn gew\u00fcnscht, auch Innenaufma\u00dfe von Geb\u00e4uden und deren Darstellung in 3D oder als Schnittzeichnungen an. Sollten Sie einen Aus- oder Umbau geplant haben, erstellen wir f\u00fcr Sie ein Innen- oder<span class=\"more-link\"><a href=\"https:\/\/vermessung-aachen.de\/?page_id=42\">weiterlesen<\/a><\/span><\/p>\n","protected":false},"author":1,"featured_media":0,"parent":0,"menu_order":0,"comment_status":"closed","ping_status":"closed","template":"","meta":{"footnotes":""},"class_list":["entry","author-fraadmin","post-42","page","type-page","status-publish"],"_links":{"self":[{"href":"https:\/\/vermessung-aachen.de\/index.php?rest_route=\/wp\/v2\/pages\/42","targetHints":{"allow":["GET"]}}],"collection":[{"href":"https:\/\/vermessung-aachen.de\/index.php?rest_route=\/wp\/v2\/pages"}],"about":[{"href":"https:\/\/vermessung-aachen.de\/index.php?rest_route=\/wp\/v2\/types\/page"}],"author":[{"embeddable":true,"href":"https:\/\/vermessung-aachen.de\/index.php?rest_route=\/wp\/v2\/users\/1"}],"replies":[{"embeddable":true,"href":"https:\/\/vermessung-aachen.de\/index.php?rest_route=%2Fwp%2Fv2%2Fcomments&post=42"}],"version-history":[{"count":37,"href":"https:\/\/vermessung-aachen.de\/index.php?rest_route=\/wp\/v2\/pages\/42\/revisions"}],"predecessor-version":[{"id":1194,"href":"https:\/\/vermessung-aachen.de\/index.php?rest_route=\/wp\/v2\/pages\/42\/revisions\/1194"}],"wp:attachment":[{"href":"https:\/\/vermessung-aachen.de\/index.php?rest_route=%2Fwp%2Fv2%2Fmedia&parent=42"}],"curies":[{"name":"wp","href":"https:\/\/api.w.org\/{rel}","templated":true}]}}